{"id":6680,"date":"2020-07-01T16:50:37","date_gmt":"2020-07-01T14:50:37","guid":{"rendered":"https:\/\/www.jordan-desert-journeys.com\/training-arabische-therapie-en-massage-voor-therapeuten-en-professionals\/"},"modified":"2021-04-10T09:43:50","modified_gmt":"2021-04-10T07:43:50","slug":"training-arabische-therapie-en-massage-voor-therapeuten-en-professionals","status":"publish","type":"page","link":"https:\/\/www.jordan-desert-journeys.com\/en\/training-arabische-therapie-en-massage-voor-therapeuten-en-professionals\/","title":{"rendered":"Training Arabische Therapie en Massage voor therapeuten en professionals"},"content":{"rendered":"<div class=\"wpb-content-wrapper\"><p>[vc_row][vc_column][vc_column_text]Wil jij, massagetherapeut of schoonheidsspecialiste, je activiteiten verder ontwikkelen?<\/p>\n<p>Welkom in de verbazingwekkende wereld van <a href=\"https:\/\/www.jordan-desert-journeys.com\/arabische-therapieen-en-massages\/\">Arabische therapie\u00ebn en massages<\/a>.<br \/>\nJe kunt trainingen in Jordani\u00eb, Nederland, Belgi\u00eb, Duitsland, Zwitserland volgen.<\/p>\n<p>Maar ons beste advies is natuurlijk dat je in Jordani\u00eb komt om niet alleen de massagetechnieken te leren, maar ook om de bedoe\u00efenencultuur te ontdekken.<\/p>\n<h2>De massage-trainingen die je kunt volgen:<\/h2>\n<p>[\/vc_column_text][\/vc_column][\/vc_row][vc_row][vc_column][vc_column_text]<\/p>\n<h3><a href=\"https:\/\/www.jordan-desert-journeys.com\/arabische-therapieen-en-massages\/\">Kasaath Hawa Massage<\/a> training<\/h3>\n<p><strong>Deze eendaagse training gaat als volgt:<\/strong><\/p>\n<p><strong>Theorie:<\/strong><\/p>\n<ul>\n<li>Uitleg over het effect in het lichaam;<\/li>\n<li>Indicaties voor massage;<\/li>\n<li>Nazorg.<\/li>\n<\/ul>\n<p><strong>Praktijk &#8211; 4 fasen:<\/strong><\/p>\n<ul>\n<li>Massage voorbereiden: invoelen van het lichaam;<\/li>\n<li>De techniek van glas en vuur beheersen;<\/li>\n<li>Drainage massage;<\/li>\n<li>Behandelingen en adviezen.<\/li>\n<\/ul>\n<p><strong>Inclusief:<\/strong><\/p>\n<ul>\n<li>Volledige cursus (theorie en praktijk);<\/li>\n<li>Materiaal tijdens de cursus, inclusief documentatie;<\/li>\n<li>Certificaat;<\/li>\n<li>Lunch, water, koffie en thee.<\/li>\n<\/ul>\n<p>[\/vc_column_text][\/vc_column][\/vc_row][vc_row][vc_column][vc_column_text]<\/p>\n<h3><a href=\"https:\/\/www.jordan-desert-journeys.com\/arabische-therapieen-en-massages\/\">Khiaahh Milhh Dode Zee Zoutstempel Massage<\/a> training<\/h3>\n<p><strong>De tweedaagse Khiaahh Milhh Massage-training gaat als volgt:<\/strong><\/p>\n<p><strong>Theorie:<\/strong><\/p>\n<ul>\n<li>De krachten van het Dode Zeezout, de warmte van de olie;<\/li>\n<li>Massage-indicaties;<\/li>\n<li>Nazorg.<\/li>\n<\/ul>\n<p><strong>Praktijk:<\/strong><\/p>\n<ul>\n<li>Gebruik van de zoutstempels;<\/li>\n<li>De behandelpunten.<\/li>\n<\/ul>\n<p><strong>Inclusief:<\/strong><\/p>\n<ul>\n<li>Volledige cursus (theorie en praktijk);<\/li>\n<li>Materiaal tijdens de cursus, inclusief documentatie;<\/li>\n<li>Certificaat<\/li>\n<li>Lunch, water, koffie en thee<\/li>\n<\/ul>\n<p>[\/vc_column_text][\/vc_column][\/vc_row][vc_row][vc_column][vc_column_text]<\/p>\n<h3><a href=\"https:\/\/www.jordan-desert-journeys.com\/arabische-therapieen-en-massages\/\">Hammam rituelen<\/a> training<\/h3>\n<p><strong>Eendaagse training over de authentieke Arabische, Marokkaanse en Turkse Hammamrituelen:<\/strong><\/p>\n<p><strong>Theorie:<\/strong><\/p>\n<ul>\n<li>Arabische hammam-rituelen;<\/li>\n<li>Turkse hammamrituelen;<\/li>\n<li>Marokkaanse hammamrituelen;<\/li>\n<li>Benodigdheden en hoe ze te gebruiken.<\/li>\n<\/ul>\n<p><strong>Praktijk:<\/strong><\/p>\n<ul>\n<li>Scrubmassage;<\/li>\n<li>Zeepmassages.<\/li>\n<\/ul>\n<p><strong>Inclusief:<\/strong><\/p>\n<ul>\n<li>Volledige cursus (theorie en praktijk);<\/li>\n<li>Materiaal tijdens de cursus, inclusief documentatie;<\/li>\n<li>Certificaat;<\/li>\n<li>Lunch, water, koffie en thee.<\/li>\n<\/ul>\n<p>[\/vc_column_text][\/vc_column][\/vc_row][vc_row][vc_column][vc_column_text]<\/p>\n<h3><a href=\"https:\/\/www.jordan-desert-journeys.com\/arabische-therapieen-en-massages\/\">Jade Stone massage<\/a> training<\/h3>\n<p><strong>Ontdek drie verschillende massages met Jade-stenen in \u00e9\u00e9n dag:<\/strong><\/p>\n<ul>\n<li>Holistische massage met verschillende lichaamstechnieken;<\/li>\n<li>Vitale body massage;<\/li>\n<li>Rugmassage met de magische horizontale acht.<\/li>\n<\/ul>\n<p><strong>Inclusief:<\/strong><\/p>\n<ul>\n<li>Volledige cursus (theorie en praktijk);<\/li>\n<li>Materialen tijdens de cursus, inclusief documentatie;<\/li>\n<li>Certificaat;<\/li>\n<li>Lunch, water, koffie en thee.<\/li>\n<\/ul>\n<p>[\/vc_column_text][\/vc_column][\/vc_row][vc_row][vc_column][vc_column_text]<\/p>\n<h3><a href=\"https:\/\/www.jordan-desert-journeys.com\/arabische-therapieen-en-massages\/\">Uitbreiding Kasaath Hawa<\/a> training<\/h3>\n<p><strong>Tijdens de basistraining wordt de techniek van het glas en de massage aangeleerd, maar we bieden je verdere inzichten tijdens de vervolg training.<\/strong><\/p>\n<p><strong>De Advanced Kasaath Hawa-training duurt een dag en de volgende punten komen aan bod:<\/strong><\/p>\n<ul>\n<li>Uitwisseling praktijk gedeelten;<\/li>\n<li>Praktijk van glastechniek en drainerende massagebewegingen;<\/li>\n<li>Lessen over nieuwe inzichten en technieken;<\/li>\n<li>Emotionele punten in de wervelkolom, hun betekenis en behandeling;<\/li>\n<li>Kleine glastechniek om te gebruiken op smalle lichaamsdelen.<\/li>\n<\/ul>\n<p>[\/vc_column_text][\/vc_column][\/vc_row][vc_row][vc_column][vc_column_text]<\/p>\n<h3><a href=\"https:\/\/www.jordan-desert-journeys.com\/arabische-therapieen-en-massages\/\">Edelsteen Massage<\/a> training en workshop<\/h3>\n<p><strong>Wij bieden u de mogelijkheid van verdere inzichten via onze eendaagse edelsteenmassage training.<\/strong><\/p>\n<ul>\n<li>Praktijk van basistechnieken;<\/li>\n<li>Nieuwe inzichten en technieken voor gezichtsmassage;<\/li>\n<li>Workshop over kleuren, chakra&#8217;s en edelstenen.<\/li>\n<\/ul>\n<p>[\/vc_column_text][\/vc_column][\/vc_row][vc_row][vc_column][vc_column_text]<\/p>\n<h3><a href=\"https:\/\/www.jordan-desert-journeys.com\/arabische-therapieen-en-massages\/\">Honing Massage<\/a> training<\/h3>\n<p><strong>Leer de krachtige honingmassage met deze eendaagse training:<\/strong><\/p>\n<ul>\n<li>Massage-effecten, indicaties en contra-indicaties;<\/li>\n<li>Honing-massagetechnieken (lichaam en gezicht);<\/li>\n<li>Speciale honingmassage technieken: honingmasker, honing scrub, honinginpakking.<\/li>\n<\/ul>\n<p><strong>Inclusief:<\/strong><\/p>\n<ul>\n<li>Volledige cursus (theorie en praktijk);<\/li>\n<li>Materiaal tijdens de cursus, inclusief documentatie;<\/li>\n<li>Certificaat;<\/li>\n<li>Lunch, water, koffie en thee.<\/li>\n<\/ul>\n<p>[\/vc_column_text][\/vc_column][\/vc_row][vc_row][vc_column][vc_column_text]<\/p>\n<h3><a href=\"https:\/\/www.jordan-desert-journeys.com\/arabische-therapieen-en-massages\/\">Detox<\/a> training<\/h3>\n<p><strong>Ontdek het Detox-programma in \u00e9\u00e9n dag:<\/strong><\/p>\n<ul>\n<li>Theorie:<\/li>\n<li>Uitleg Detox;<\/li>\n<li>Intestinale spoeling: uitvoering en supervisie;<\/li>\n<li>Indicaties en contra-indicaties;<\/li>\n<li>Zelf uitvoeren van darmspoeling in theorie.<\/li>\n<\/ul>\n<p><strong>Praktijk:<\/strong><\/p>\n<ul>\n<li>Culinaire indicaties voor intestinale microflora en opnieuw invoeren van gezonde voedingsmiddelen;<\/li>\n<li>Massagetherapie bij inwendige en uitwendige reiniging van het lichaam;<\/li>\n<li>Huid- en darmreinigingsmassage op de buik.<\/li>\n<\/ul>\n<p><strong>Inclusief:<\/strong><\/p>\n<ul>\n<li>Volledige cursus (theorie en praktijk);<\/li>\n<li>Materiaal tijdens de cursus, inclusief documentatie;<\/li>\n<li>Certificaat;<\/li>\n<li>Lunch, water, koffie en thee.<\/li>\n<\/ul>\n<p>[\/vc_column_text][\/vc_column][\/vc_row][vc_row][vc_column][vc_column_text]<\/p>\n<h3><a href=\"https:\/\/www.jordan-desert-journeys.com\/arabische-therapieen-en-massages\/\">Dode Zee gezichts- en lichaamsbehandelingen\u00a0+\u00a0Anti-Cellulite massage<\/a> training<\/h3>\n<p><strong>Verwonder jezelf over de gezondheidseigenschappen van Dode Zee producten:<\/strong><\/p>\n<ul>\n<li>Uitleg over de werking van de Dode Zee-mineralen;<\/li>\n<li>Testen van de producten + uitleg over hoe te gebruiken.<\/li>\n<\/ul>\n<p><strong>Praktijk:<\/strong><\/p>\n<ul>\n<li>Gezichtsbehandeling;<\/li>\n<li>Zwarte Modder inpakking en scrub;<\/li>\n<li>Anti-cellulitisbehandeling.<\/li>\n<\/ul>\n<p><strong>Inclusief:<\/strong><\/p>\n<ul>\n<li>Volledige cursus (theorie en praktijk);<\/li>\n<li>Materiaal tijdens de cursus, inclusief documentatie;<\/li>\n<li>Certificaat;<\/li>\n<li>Lunch, water, koffie en thee.<\/li>\n<\/ul>\n<p>[\/vc_column_text][\/vc_column][\/vc_row][vc_row][vc_column][vc_column_text]<\/p>\n<h3>Train de trainer opleiding Arabische therapie\u00ebn en massages in Jordani\u00eb<\/h3>\n<p>Heb je een speciaal gevoel voor de Arabische massagetechnieken? Denk je dat je de juiste kwaliteiten bezit als trainer? Maak je deel uit van een netwerk van massagetherapeuten en ben je in staat om hen trainingen aan te bieden? Heb je toegang tot een klaslokaal? Dan kun jij exclusieve trainer worden voor jouw land of staat.<\/p>\n<p>Als je de vier basismassagetechnieken beheerst (Kasaath Hawa, Khiaahh Milhh, Hammam en Jade Stone-massages) en klaar bent voor 12 extra intensieve trainingsdagen in Jordani\u00eb, dan kun je overwegen om je aan te sluiten bij ons trainersnetwerk.[\/vc_column_text][\/vc_column][\/vc_row][vc_row][vc_column][vc_column_text]<\/p>\n<h3>Trainingen Arabische therapie\u00ebn en massage in Jordani\u00eb<\/h3>\n<p>Alleen voor therapeuten en professionals. De 8- of 15-daagse reis combineert massage training en het ontdekken van de bedoe\u00efenen- en Jordaanse cultuur, een bezoek aan de Dode Zee en\/of Petra, en 4-10 dagen Arabische massagetherapie in de woestijn. Deze reis geeft je het offici\u00eble certificaat van de Arabische massagespecialist.<\/p>\n<p><strong>Trainingsdata en praktische zaken<\/strong><br \/>\nAlle cursussen duren een dag en bieden een compleet concept voor de technieken om direct in uw praktijk aan de slag te gaan.<br \/>\nDe cursussen worden gegeven in\u00a0<a class=\"broken_link\" href=\"https:\/\/www.chicamica.com\/massage-en-spa-academie\/\" target=\"_blank\" rel=\"noopener noreferrer\">Amsterdam (Nederland)<\/a>,\u00a0<a href=\"http:\/\/www.massageschoolcarpediem.be\/\" target=\"_blank\" rel=\"noopener noreferrer\">Meulebeke (Belgi\u00eb)<\/a>,\u00a0<a class=\"broken_link\" href=\"https:\/\/www.chicamica.com\/massage-en-spa-academie\/\" target=\"_blank\" rel=\"noopener noreferrer\">Duitsland en Zwitserland<\/a>\u00a0en in\u00a0<a href=\"https:\/\/www.jordan-desert-journeys.com\/nl\/reizen\/studiereis-arabische-massages-in-de-woestijn\/\" target=\"_blank\" rel=\"noopener noreferrer\">Jordani\u00eb<\/a>\u00a0in de woestijn van Wadi Rum.<\/p>\n<p>Kom je naar de woestijn dan ontvang je tevens de\u00a0<a href=\"https:\/\/www.jordan-desert-journeys.com\/nl\/reizen\/studiereis-arabische-massages-in-de-woestijn\/arabische-massages\/zand-bad-therapie\/\" target=\"_blank\" rel=\"noopener noreferrer\">zand (bad) therapie<\/a>.<\/p>\n<p>Wil je meer weten?\u00a0<a href=\"https:\/\/www.jordan-desert-journeys.com\/nl\/contact-ons\/\" target=\"_blank\" rel=\"noopener noreferrer\">Contact ons<\/a>. We helpen je graag verder.[\/vc_column_text][\/vc_column][\/vc_row]<\/p>\n<\/div>","protected":false},"excerpt":{"rendered":"<p>[vc_row][vc_column][vc_column_text]Wil jij, massagetherapeut of schoonheidsspecialiste, je activiteiten verder ontwikkelen? Welkom in de verbazingwekkende wereld van Arabische therapie\u00ebn en massages. Je kunt trainingen in Jordani\u00eb, Nederland, Belgi\u00eb, Duitsland, Zwitserland volgen. Maar ons beste advies is natuurlijk dat je in Jordani\u00eb komt [&hellip;]<\/p>\n","protected":false},"author":3,"featured_media":0,"parent":0,"menu_order":0,"comment_status":"closed","ping_status":"closed","template":"","meta":{"footnotes":""},"class_list":["post-6680","page","type-page","status-publish","hentry"],"_links":{"self":[{"href":"https:\/\/www.jordan-desert-journeys.com\/en\/wp-json\/wp\/v2\/pages\/6680","targetHints":{"allow":["GET"]}}],"collection":[{"href":"https:\/\/www.jordan-desert-journeys.com\/en\/wp-json\/wp\/v2\/pages"}],"about":[{"href":"https:\/\/www.jordan-desert-journeys.com\/en\/wp-json\/wp\/v2\/types\/page"}],"author":[{"embeddable":true,"href":"https:\/\/www.jordan-desert-journeys.com\/en\/wp-json\/wp\/v2\/users\/3"}],"replies":[{"embeddable":true,"href":"https:\/\/www.jordan-desert-journeys.com\/en\/wp-json\/wp\/v2\/comments?post=6680"}],"version-history":[{"count":1,"href":"https:\/\/www.jordan-desert-journeys.com\/en\/wp-json\/wp\/v2\/pages\/6680\/revisions"}],"predecessor-version":[{"id":6684,"href":"https:\/\/www.jordan-desert-journeys.com\/en\/wp-json\/wp\/v2\/pages\/6680\/revisions\/6684"}],"wp:attachment":[{"href":"https:\/\/www.jordan-desert-journeys.com\/en\/wp-json\/wp\/v2\/media?parent=6680"}],"curies":[{"name":"wp","href":"https:\/\/api.w.org\/{rel}","templated":true}]}}